{"id":20121,"date":"2024-11-19T16:09:30","date_gmt":"2024-11-19T13:09:30","guid":{"rendered":"https:\/\/cekaautomotive.com\/product\/kule-mili-iveco-1346307325-zf-ck23-0182\/"},"modified":"2024-11-19T16:09:33","modified_gmt":"2024-11-19T13:09:33","slug":"kule-mili-iveco-1346307325-zf-ck23-0182","status":"publish","type":"product","link":"https:\/\/cekaautomotive.com\/tr\/urun\/kule-mili-iveco-1346307325-zf-ck23-0182\/","title":{"rendered":"KULE M\u0130L\u0130 IVECO &#8211; 1346307325 &#8211; ZF CK23.0182"},"content":{"rendered":"<h1><strong>KULE M\u0130L\u0130 IVECO<\/strong><\/h1>\n<p>Hemen Bize Ula\u015f\u0131n ve Y\u00fcksek De\u011feri <strong>KULE M\u0130L\u0130 IVECO<\/strong> Ceka Otomotiv&#8217;den Al\u0131n, \u00e7e\u015fitli Kamyon \u015eanz\u0131man Yedek Par\u00e7alar\u0131n\u0131n tan\u0131nm\u0131\u015f \u00fcreticilerinden biri olan.Bu \u00fcr\u00fcnlerin tasar\u0131m\u0131 ve \u00fcretimi, T\u00fcrkiye ve D\u00fcnya end\u00fcstrisindeki en son trendlere ve standartlara uygundur. <strong>KULE M\u0130L\u0130 IVECO<\/strong> uygun fiyat\u0131 ve y\u00fcksek dayan\u0131kl\u0131l\u0131\u011f\u0131 nedeniyle piyasada olduk\u00e7a pop\u00fclerdir.<\/p>\n<h2><strong>KULE M\u0130L\u0130 IVECO Features<\/strong><\/h2>\n<ul>\n<li>1 Y\u0131l Garanti<\/li>\n<li>Y\u00fcksek Dayan\u0131kl\u0131l\u0131k<\/li>\n<li>T\u00fcrk Mal\u0131<\/li>\n<li>Teslimata Haz\u0131r<\/li>\n<li>ZF<\/li>\n<li>1346307325<\/li>\n<li>Katalog Sayfa No: <\/li>\n<\/ul>\n<p>&nbsp;<\/p>\n","protected":false},"excerpt":{"rendered":"<p>Ceka Otomotiv, T\u00fcrkiye&#8217;de y\u00fcksek kalitede \u00fcretilmi\u015f, de\u011feri y\u00fcksek, geni\u015f bir <strong>KULE M\u0130L\u0130 IVECO<\/strong> koleksiyonu sunar. Hemen bize ula\u015f\u0131n ve arama yaparak zaman kaybetmeyin.<\/p>\n","protected":false},"featured_media":20023,"template":"","meta":[],"product_brand":[],"product_cat":[97,99],"product_tag":[2520,1488,1489,2556,2558,2557,1497,850],"class_list":{"0":"post-20121","1":"product","2":"type-product","3":"status-publish","4":"has-post-thumbnail","6":"product_cat-sanziman-yedek-parcalari","7":"product_cat-zf-tr","8":"product_tag-2520","9":"product_tag-kamyon-sanziman","10":"product_tag-kamyon-sanziman-yedek-parcalari","11":"product_tag-kule-mili-iveco","12":"product_tag-kule-mili-iveco-best-value","13":"product_tag-kule-mili-iveco-made-in-tukey","14":"product_tag-sanziman-yedek-parcalari","15":"product_tag-zf","16":"pa_brand-zf-tr","18":"first","19":"instock","20":"product-type-simple"},"_links":{"self":[{"href":"https:\/\/cekaautomotive.com\/tr\/wp-json\/wp\/v2\/product\/20121","targetHints":{"allow":["GET"]}}],"collection":[{"href":"https:\/\/cekaautomotive.com\/tr\/wp-json\/wp\/v2\/product"}],"about":[{"href":"https:\/\/cekaautomotive.com\/tr\/wp-json\/wp\/v2\/types\/product"}],"version-history":[{"count":0,"href":"https:\/\/cekaautomotive.com\/tr\/wp-json\/wp\/v2\/product\/20121\/revisions"}],"wp:featuredmedia":[{"embeddable":true,"href":"https:\/\/cekaautomotive.com\/tr\/wp-json\/wp\/v2\/media\/20023"}],"wp:attachment":[{"href":"https:\/\/cekaautomotive.com\/tr\/wp-json\/wp\/v2\/media?parent=20121"}],"wp:term":[{"taxonomy":"product_brand","embeddable":true,"href":"https:\/\/cekaautomotive.com\/tr\/wp-json\/wp\/v2\/product_brand?post=20121"},{"taxonomy":"product_cat","embeddable":true,"href":"https:\/\/cekaautomotive.com\/tr\/wp-json\/wp\/v2\/product_cat?post=20121"},{"taxonomy":"product_tag","embeddable":true,"href":"https:\/\/cekaautomotive.com\/tr\/wp-json\/wp\/v2\/product_tag?post=20121"}],"curies":[{"name":"wp","href":"https:\/\/api.w.org\/{rel}","templated":true}]}}