{"id":18192,"date":"2021-12-28T14:13:19","date_gmt":"2021-12-28T11:13:19","guid":{"rendered":"https:\/\/cekaautomotive.com\/product\/g155-g211-g240-g180-g210-prizdirek-buyuk-rulman-cektirmesi-mercedes-benz-ck80-116\/"},"modified":"2021-12-28T14:13:24","modified_gmt":"2021-12-28T11:13:24","slug":"g155-g211-g240-g180-g210-prizdirek-buyuk-rulman-cektirmesi-mercedes-benz-ck80-116","status":"publish","type":"product","link":"https:\/\/cekaautomotive.com\/tr\/urun\/g155-g211-g240-g180-g210-prizdirek-buyuk-rulman-cektirmesi-mercedes-benz-ck80-116\/","title":{"rendered":"G155 G211 G240 G180 G210 Prizdirek B\u00fcy\u00fck Rulman \u00c7ektirmesi &#8211; Mercedes Benz CK80.116"},"content":{"rendered":"<h1><strong>G155 G211 G240 G180 G210 Prizdirek B\u00fcy\u00fck Rulman \u00c7ektirmesi<\/strong><\/h1>\n<p>Hemen Bize Ula\u015f\u0131n ve Y\u00fcksek De\u011feri <strong>G155 G211 G240 G180 G210 Prizdirek B\u00fcy\u00fck Rulman \u00c7ektirmesi<\/strong> Ceka Otomotiv&#8217;den Al\u0131n, \u00e7e\u015fitli Kamyon \u015eanz\u0131man Yedek Par\u00e7alar\u0131n\u0131n tan\u0131nm\u0131\u015f \u00fcreticilerinden biri olan.Bu \u00fcr\u00fcnlerin tasar\u0131m\u0131 ve \u00fcretimi, T\u00fcrkiye ve D\u00fcnya end\u00fcstrisindeki en son trendlere ve standartlara uygundur. <strong>G155 G211 G240 G180 G210 Prizdirek B\u00fcy\u00fck Rulman \u00c7ektirmesi<\/strong> uygun fiyat\u0131 ve y\u00fcksek dayan\u0131kl\u0131l\u0131\u011f\u0131 nedeniyle piyasada olduk\u00e7a pop\u00fclerdir.<\/p>\n<h2><strong>G155 G211 G240 G180 G210 Prizdirek B\u00fcy\u00fck Rulman \u00c7ektirmesi Features<\/strong><\/h2>\n<ul>\n<li>1 Y\u0131l Garanti<\/li>\n<li>Y\u00fcksek Dayan\u0131kl\u0131l\u0131k<\/li>\n<li>T\u00fcrk Mal\u0131<\/li>\n<li>Teslimata Haz\u0131r<\/li>\n<li>Mercedes Benz<\/li>\n<li>Katalog Sayfa No: 124<\/li>\n<\/ul>\n<p>&nbsp;<\/p>\n","protected":false},"excerpt":{"rendered":"<p>Ceka Otomotiv, T\u00fcrkiye&#8217;de y\u00fcksek kalitede \u00fcretilmi\u015f, de\u011feri y\u00fcksek, geni\u015f bir <strong>G155 G211 G240 G180 G210 Prizdirek B\u00fcy\u00fck Rulman \u00c7ektirmesi<\/strong> koleksiyonu sunar. Hemen bize ula\u015f\u0131n ve arama yaparak zaman kaybetmeyin.<\/p>\n","protected":false},"featured_media":14549,"template":"","meta":[],"product_brand":[],"product_cat":[103,114],"product_tag":[],"class_list":{"0":"post-18192","1":"product","2":"type-product","3":"status-publish","4":"has-post-thumbnail","6":"product_cat-cektirmeler","7":"product_cat-mercedes-benz-tr-2","8":"pa_brand-mercedes-benz-tr","10":"first","11":"instock","12":"product-type-simple"},"_links":{"self":[{"href":"https:\/\/cekaautomotive.com\/tr\/wp-json\/wp\/v2\/product\/18192","targetHints":{"allow":["GET"]}}],"collection":[{"href":"https:\/\/cekaautomotive.com\/tr\/wp-json\/wp\/v2\/product"}],"about":[{"href":"https:\/\/cekaautomotive.com\/tr\/wp-json\/wp\/v2\/types\/product"}],"version-history":[{"count":0,"href":"https:\/\/cekaautomotive.com\/tr\/wp-json\/wp\/v2\/product\/18192\/revisions"}],"wp:featuredmedia":[{"embeddable":true,"href":"https:\/\/cekaautomotive.com\/tr\/wp-json\/wp\/v2\/media\/14549"}],"wp:attachment":[{"href":"https:\/\/cekaautomotive.com\/tr\/wp-json\/wp\/v2\/media?parent=18192"}],"wp:term":[{"taxonomy":"product_brand","embeddable":true,"href":"https:\/\/cekaautomotive.com\/tr\/wp-json\/wp\/v2\/product_brand?post=18192"},{"taxonomy":"product_cat","embeddable":true,"href":"https:\/\/cekaautomotive.com\/tr\/wp-json\/wp\/v2\/product_cat?post=18192"},{"taxonomy":"product_tag","embeddable":true,"href":"https:\/\/cekaautomotive.com\/tr\/wp-json\/wp\/v2\/product_tag?post=18192"}],"curies":[{"name":"wp","href":"https:\/\/api.w.org\/{rel}","templated":true}]}}